{"id":557,"date":"2023-12-08T17:10:05","date_gmt":"2023-12-08T16:10:05","guid":{"rendered":"https:\/\/www.refugedesresistancesarmandgatti.ovh\/?page_id=557"},"modified":"2023-12-11T14:38:25","modified_gmt":"2023-12-11T13:38:25","slug":"2024-un-espace-de-creation-entre-loeuvre-darmand-gatti-la-resistance-et-la-foret-de-la-berbeyrolle","status":"publish","type":"page","link":"https:\/\/www.refugedesresistancesarmandgatti.ovh\/index.php\/2024-2\/2024-un-espace-de-creation-entre-loeuvre-darmand-gatti-la-resistance-et-la-foret-de-la-berbeyrolle\/","title":{"rendered":"2024\u00a0: un espace de cr\u00e9ation entre l\u2019\u0153uvre d\u2019Armand Gatti, la r\u00e9sistance et la for\u00eat de la Berbeyrolle"},"content":{"rendered":"<p>&nbsp;<\/p>\r\n\r\n<h1 style=\"text-align: center;\">APPEL A SOUSCRIPTION POUR UN LIEU DE MEMOIRE ET DE CREATION<\/h1>\r\n<h1 style=\"text-align: center;\">un parcours po(\u00e9)-(li)tique autour de deux st\u00e8les dans le maquis de la Berbeyrolle<\/h1>\r\n<p><img loading=\"lazy\" decoding=\"async\" class=\"size-medium wp-image-520 alignnone\" src=\"https:\/\/www.refugedesresistancesarmandgatti.ovh\/wp-content\/uploads\/2021\/08\/20200912_163647-1-267x300.jpg\" alt=\"\" width=\"267\" height=\"300\" srcset=\"https:\/\/www.refugedesresistancesarmandgatti.ovh\/wp-content\/uploads\/2021\/08\/20200912_163647-1-267x300.jpg 267w, https:\/\/www.refugedesresistancesarmandgatti.ovh\/wp-content\/uploads\/2021\/08\/20200912_163647-1-624x702.jpg 624w, https:\/\/www.refugedesresistancesarmandgatti.ovh\/wp-content\/uploads\/2021\/08\/20200912_163647-1-rotated.jpg 756w\" sizes=\"(max-width: 267px) 100vw, 267px\" \/><img loading=\"lazy\" decoding=\"async\" class=\"size-medium wp-image-504 alignright\" src=\"https:\/\/www.refugedesresistancesarmandgatti.ovh\/wp-content\/uploads\/2021\/08\/20200912_164108-300x225.jpg\" alt=\"\" width=\"300\" height=\"225\" srcset=\"https:\/\/www.refugedesresistancesarmandgatti.ovh\/wp-content\/uploads\/2021\/08\/20200912_164108-300x225.jpg 300w, https:\/\/www.refugedesresistancesarmandgatti.ovh\/wp-content\/uploads\/2021\/08\/20200912_164108-768x576.jpg 768w, https:\/\/www.refugedesresistancesarmandgatti.ovh\/wp-content\/uploads\/2021\/08\/20200912_164108-624x468.jpg 624w, https:\/\/www.refugedesresistancesarmandgatti.ovh\/wp-content\/uploads\/2021\/08\/20200912_164108.jpg 1008w\" sizes=\"(max-width: 300px) 100vw, 300px\" \/><\/p>\r\n<p><em>En <span id=\"OBJ_PREFIX_DWT947_com_zimbra_date\" class=\"Object\" role=\"link\">octobre 2020<\/span>, ont \u00e9t\u00e9 inaugur\u00e9es deux st\u00e8les autour du trou de la for\u00eat de la Berbeyrolle \u00e0 Tarnac en Corr\u00e8ze<br \/><\/em><\/p>\r\n<p><em>\u00ab Trou \u00bb, c&rsquo;est ainsi que le grand po\u00e8te et dramaturge Armand Gatti nomme l\u2019espace creus\u00e9 sous terre recouvert d\u2019une t\u00f4le et de branches d\u2019arbres o\u00f9 il dormit pendant l\u2019hiver avec trois camarades en <span id=\"OBJ_PREFIX_DWT948_com_zimbra_date\" class=\"Object\" role=\"link\">d\u00e9cembre 1943<\/span> et <span id=\"OBJ_PREFIX_DWT949_com_zimbra_date\" class=\"Object\" role=\"link\">janvier 1944<\/span>.<\/em><\/p>\r\n<p>En 2024, Nous montons un projet pour la r\u00e9alisation d&rsquo;<em>un espace de cr\u00e9ation entre l\u2019\u0153uvre d\u2019Armand Gatti, la r\u00e9sistance et la for\u00eat de la Berbeyrolle. Vous en trouverez le d\u00e9tail dans ce document : ci-contre :<a href=\"https:\/\/www.refugedesresistancesarmandgatti.ovh\/wp-content\/uploads\/2023\/12\/Souscription-Gatti-2024.pdf\"> Souscription-Gatti-2024<\/a><br \/><\/em><\/p>\r\n<p style=\"text-align: center;\"><strong>Soutenez notre projet par un don d\u00e9fiscalis\u00e9 \u00e0 la fondation Armand Gatti.<\/strong><\/p>\r\n<p style=\"text-align: center;\"><strong>Pour 100 euros vers\u00e9s, le co\u00fbt est de 34 euros.<\/strong><\/p>\r\n<p style=\"text-align: center;\"><strong>Nous vous remercions par avance de votre soutien \u00a0<\/strong><\/p>\r\n<p>&nbsp;<\/p>\r\n\r\n\r\n","protected":false},"excerpt":{"rendered":"<p>&nbsp; APPEL A SOUSCRIPTION POUR UN LIEU DE MEMOIRE ET DE CREATION un parcours po(\u00e9)-(li)tique autour de deux st\u00e8les dans le maquis de la Berbeyrolle En octobre 2020, ont \u00e9t\u00e9 inaugur\u00e9es deux st\u00e8les autour du trou de la for\u00eat de la Berbeyrolle \u00e0 Tarnac en Corr\u00e8ze \u00ab Trou \u00bb, c&rsquo;est ainsi que le grand po\u00e8te [&hellip;]<\/p>\n","protected":false},"author":2,"featured_media":0,"parent":565,"menu_order":0,"comment_status":"closed","ping_status":"closed","template":"","meta":{"footnotes":""},"class_list":["post-557","page","type-page","status-publish","hentry"],"_links":{"self":[{"href":"https:\/\/www.refugedesresistancesarmandgatti.ovh\/index.php\/wp-json\/wp\/v2\/pages\/557"}],"collection":[{"href":"https:\/\/www.refugedesresistancesarmandgatti.ovh\/index.php\/wp-json\/wp\/v2\/pages"}],"about":[{"href":"https:\/\/www.refugedesresistancesarmandgatti.ovh\/index.php\/wp-json\/wp\/v2\/types\/page"}],"author":[{"embeddable":true,"href":"https:\/\/www.refugedesresistancesarmandgatti.ovh\/index.php\/wp-json\/wp\/v2\/users\/2"}],"replies":[{"embeddable":true,"href":"https:\/\/www.refugedesresistancesarmandgatti.ovh\/index.php\/wp-json\/wp\/v2\/comments?post=557"}],"version-history":[{"count":3,"href":"https:\/\/www.refugedesresistancesarmandgatti.ovh\/index.php\/wp-json\/wp\/v2\/pages\/557\/revisions"}],"predecessor-version":[{"id":563,"href":"https:\/\/www.refugedesresistancesarmandgatti.ovh\/index.php\/wp-json\/wp\/v2\/pages\/557\/revisions\/563"}],"up":[{"embeddable":true,"href":"https:\/\/www.refugedesresistancesarmandgatti.ovh\/index.php\/wp-json\/wp\/v2\/pages\/565"}],"wp:attachment":[{"href":"https:\/\/www.refugedesresistancesarmandgatti.ovh\/index.php\/wp-json\/wp\/v2\/media?parent=557"}],"curies":[{"name":"wp","href":"https:\/\/api.w.org\/{rel}","templated":true}]}}