{"id":414,"date":"2019-12-17T17:50:43","date_gmt":"2019-12-17T16:50:43","guid":{"rendered":"https:\/\/www.refugedesresistancesarmandgatti.ovh\/?page_id=414"},"modified":"2020-09-18T11:46:29","modified_gmt":"2020-09-18T09:46:29","slug":"gatti-2020-les-mots-de-la-resistance-dans-le-granit","status":"publish","type":"page","link":"https:\/\/www.refugedesresistancesarmandgatti.ovh\/index.php\/gatti-2020\/gatti-2020-les-mots-de-la-resistance-dans-le-granit\/","title":{"rendered":"GATTI 2020, LES MOTS de la R\u00c9SISTANCE dans le GRANIT le 19 septembre 2020 \u00e0 Tarnac"},"content":{"rendered":"<h3 style=\"text-align: center;\"><b> L&rsquo;\u00e9v\u00e9nement \u00ab\u00a0<i>Gatti 2020, les Mots de la R\u00e9sistance dans le Granit<\/i>\u00ab\u00a0<\/b><\/h3>\n<h3 style=\"text-align: center;\"><b>\u00a0 <\/b><b>aura lieu le samedi 19 septembre dans l<\/b><b>a for\u00eat de la Berbeyrolle, \u00e0 Tarnac et \u00e0 Peyrelevade.\u00a0\u00a0\u00a0 <\/b><b><br \/>\n<\/b><\/h3>\n<h2 style=\"text-align: center;\"><b><a href=\"https:\/\/www.refugedesresistancesarmandgatti.ovh\/wp-content\/uploads\/2020\/08\/aff-tarnac-19-sept_web.jpg\"><img loading=\"lazy\" decoding=\"async\" class=\"aligncenter wp-image-482 size-medium\" src=\"https:\/\/www.refugedesresistancesarmandgatti.ovh\/wp-content\/uploads\/2020\/08\/aff-tarnac-19-sept_web-212x300.jpg\" alt=\"\" width=\"212\" height=\"300\" srcset=\"https:\/\/www.refugedesresistancesarmandgatti.ovh\/wp-content\/uploads\/2020\/08\/aff-tarnac-19-sept_web-212x300.jpg 212w, https:\/\/www.refugedesresistancesarmandgatti.ovh\/wp-content\/uploads\/2020\/08\/aff-tarnac-19-sept_web.jpg 600w\" sizes=\"(max-width: 212px) 100vw, 212px\" \/><\/a>LES MANIFESTATIONS<br \/>\n<\/b><\/h2>\n<p style=\"text-align: center;\"><b>M\u00e9diath\u00e8que Armand Gatti (Tarnac) : \u00e0 partir de 9 h :<\/b><\/p>\n<ul>\n<li style=\"list-style-type: none;\">\n<ul>\n<li style=\"list-style-type: none;\">\n<ul>\n<li>Accueil et informations<\/li>\n<li>Projections de vid\u00e9os<\/li>\n<li>Remise de l\u2019original de la premi\u00e8re lettre au fond documentaire de la m\u00e9diath\u00e8que<\/li>\n<\/ul>\n<\/li>\n<\/ul>\n<\/li>\n<\/ul>\n<p style=\"text-align: center;\"><strong>For\u00eat de la Berbeyrolle : \u00e0 partir de 10 h 30 jusqu&rsquo;\u00e0 12 h<br \/>\n<\/strong><\/p>\n<p><img loading=\"lazy\" decoding=\"async\" class=\"aligncenter size-large wp-image-458\" src=\"https:\/\/www.refugedesresistancesarmandgatti.ovh\/wp-content\/uploads\/2020\/08\/tarnac-carte-postale-1024x319.gif\" alt=\"\" width=\"625\" height=\"195\" srcset=\"https:\/\/www.refugedesresistancesarmandgatti.ovh\/wp-content\/uploads\/2020\/08\/tarnac-carte-postale-1024x319.gif 1024w, https:\/\/www.refugedesresistancesarmandgatti.ovh\/wp-content\/uploads\/2020\/08\/tarnac-carte-postale-300x94.gif 300w, https:\/\/www.refugedesresistancesarmandgatti.ovh\/wp-content\/uploads\/2020\/08\/tarnac-carte-postale-768x239.gif 768w, https:\/\/www.refugedesresistancesarmandgatti.ovh\/wp-content\/uploads\/2020\/08\/tarnac-carte-postale-624x195.gif 624w\" sizes=\"(max-width: 625px) 100vw, 625px\" \/><\/p>\n<ul>\n<li>Le trajet des textes (Extraits de <em>La Parole errante et du Po\u00e8me cin\u00e9matographique et ses pronoms personnels<\/em>). Cheminement et lectures par Rachid Belka\u00efd dans la For\u00eat de la Berbeyrolle et autour du trou et des pierres lev\u00e9es.<\/li>\n<\/ul>\n<p style=\"text-align: center;\"><strong>Salle des f\u00eates de Tarnac : \u00e0 partir de 12 h 30<\/strong><\/p>\n<ul>\n<li>13 h : Repas. <a href=\"https:\/\/www.refugedesresistancesarmandgatti.ovh\/index.php\/gatti-2020\/inscription-au-repas-de-la-journee-du-19-septembre-2020\/\"><em>R\u00e9servation n\u00e9cessaire sur cette page<\/em><\/a> ou par mail : contact@refugedesresistancesarmandgatti.ovh<\/li>\n<li>14 h 30 : <em>Arbres, Maquis, Po\u00e9sie<\/em> &#8211; voix et chants (avec Matthieu Aubert,<br \/>\nHugo Botter, Elodie Chamauret,Camille Ferrand, Francis Juchereau, Denis<br \/>\nMoreau, Audrey Olivetti, Pauline Rumen, S\u00e9bastien Turner)<\/li>\n<\/ul>\n<p style=\"text-align: center;\"><strong>Salle des petites maisons\u00a0 (Tarnac) : \u00e0 partir de 10 h\u00a0 <\/strong><\/p>\n<ul>\n<li><strong>Exposition \u2018Roger Rouxel et la premi\u00e8re lettre\u2019 <\/strong>\n<ul>\n<li>\u00a0matin et d\u00e9but d&rsquo;apr\u00e8s-midi : Pr\u00e9sentation de l\u2019exposition (affiches, journaux, documents du projet,\u00a0 vid\u00e9os )<\/li>\n<li>Projection vid\u00e9os : \u00ab\u00a0La derni\u00e8re nuit\u00a0\u00bb, \u00ab\u00a0Portrait de Roger Rouxel\u00a0\u00bb de St\u00e9phane Gatti<\/li>\n<\/ul>\n<\/li>\n<li><strong>Mail-art<\/strong> : Cartes et tampons\u00a0 R\u00e9my Penard<\/li>\n<\/ul>\n<p>&nbsp;<\/p>\n<p style=\"text-align: center;\"><strong>Salle des f\u00eates de Peyrelevade : \u00e0 partir de 21 h<\/strong><\/p>\n<ul>\n<li>Veill\u00e9e : &lsquo;Les mots ne connaissent que des aurores&rsquo;. Soir\u00e9e avec et \u00e0 travers les mots d&rsquo;Armand Gatti avec la participation de Mohamed Melha, Louis Berth\u00e9l\u00e9my, Jean-Philippe Gonot et Claude Faber.<\/li>\n<\/ul>\n<p>&nbsp;<\/p>\n<p>&nbsp;<\/p>\n<p>&nbsp;<\/p>\n<p><em><img loading=\"lazy\" decoding=\"async\" class=\"size-medium wp-image-436 alignnone\" src=\"https:\/\/www.refugedesresistancesarmandgatti.ovh\/wp-content\/uploads\/2020\/02\/tarnac-pierre-2-300x259.jpg\" alt=\"\" width=\"300\" height=\"259\" srcset=\"https:\/\/www.refugedesresistancesarmandgatti.ovh\/wp-content\/uploads\/2020\/02\/tarnac-pierre-2-300x259.jpg 300w, https:\/\/www.refugedesresistancesarmandgatti.ovh\/wp-content\/uploads\/2020\/02\/tarnac-pierre-2-768x663.jpg 768w, https:\/\/www.refugedesresistancesarmandgatti.ovh\/wp-content\/uploads\/2020\/02\/tarnac-pierre-2-624x539.jpg 624w, https:\/\/www.refugedesresistancesarmandgatti.ovh\/wp-content\/uploads\/2020\/02\/tarnac-pierre-2.jpg 800w\" sizes=\"(max-width: 300px) 100vw, 300px\" \/><\/em><em><img loading=\"lazy\" decoding=\"async\" class=\"wp-image-437 alignnone\" src=\"https:\/\/www.refugedesresistancesarmandgatti.ovh\/wp-content\/uploads\/2020\/02\/tarnac-pierre-1-300x174.jpg\" alt=\"\" width=\"278\" height=\"161\" srcset=\"https:\/\/www.refugedesresistancesarmandgatti.ovh\/wp-content\/uploads\/2020\/02\/tarnac-pierre-1-300x174.jpg 300w, https:\/\/www.refugedesresistancesarmandgatti.ovh\/wp-content\/uploads\/2020\/02\/tarnac-pierre-1-624x362.jpg 624w, https:\/\/www.refugedesresistancesarmandgatti.ovh\/wp-content\/uploads\/2020\/02\/tarnac-pierre-1.jpg 678w\" sizes=\"(max-width: 278px) 100vw, 278px\" \/><\/em><\/p>\n<p><em>Nous vous rappelons que la souscription pour la Pierre est toujours ouverte. Toutes les info sont disponibles <a href=\"https:\/\/www.refugedesresistancesarmandgatti.ovh\/index.php\/gatti-2020\/soutenir-le-projet-gatti-2020\/\">ici<\/a><\/em><\/p>\n<p>&nbsp;<\/p>\n<p>&nbsp;<\/p>\n<p>&nbsp;<\/p>\n<p>&nbsp;<\/p>\n<p>&nbsp;<\/p>\n","protected":false},"excerpt":{"rendered":"<p>L&rsquo;\u00e9v\u00e9nement \u00ab\u00a0Gatti 2020, les Mots de la R\u00e9sistance dans le Granit\u00ab\u00a0 \u00a0 aura lieu le samedi 19 septembre dans la for\u00eat de la Berbeyrolle, \u00e0 Tarnac et \u00e0 Peyrelevade.\u00a0\u00a0\u00a0 LES MANIFESTATIONS M\u00e9diath\u00e8que Armand Gatti (Tarnac) : \u00e0 partir de 9 h : Accueil et informations Projections de vid\u00e9os Remise de l\u2019original de la premi\u00e8re lettre [&hellip;]<\/p>\n","protected":false},"author":2,"featured_media":0,"parent":191,"menu_order":0,"comment_status":"open","ping_status":"open","template":"page-templates\/full-width.php","meta":{"footnotes":""},"class_list":["post-414","page","type-page","status-publish","hentry"],"_links":{"self":[{"href":"https:\/\/www.refugedesresistancesarmandgatti.ovh\/index.php\/wp-json\/wp\/v2\/pages\/414"}],"collection":[{"href":"https:\/\/www.refugedesresistancesarmandgatti.ovh\/index.php\/wp-json\/wp\/v2\/pages"}],"about":[{"href":"https:\/\/www.refugedesresistancesarmandgatti.ovh\/index.php\/wp-json\/wp\/v2\/types\/page"}],"author":[{"embeddable":true,"href":"https:\/\/www.refugedesresistancesarmandgatti.ovh\/index.php\/wp-json\/wp\/v2\/users\/2"}],"replies":[{"embeddable":true,"href":"https:\/\/www.refugedesresistancesarmandgatti.ovh\/index.php\/wp-json\/wp\/v2\/comments?post=414"}],"version-history":[{"count":23,"href":"https:\/\/www.refugedesresistancesarmandgatti.ovh\/index.php\/wp-json\/wp\/v2\/pages\/414\/revisions"}],"predecessor-version":[{"id":498,"href":"https:\/\/www.refugedesresistancesarmandgatti.ovh\/index.php\/wp-json\/wp\/v2\/pages\/414\/revisions\/498"}],"up":[{"embeddable":true,"href":"https:\/\/www.refugedesresistancesarmandgatti.ovh\/index.php\/wp-json\/wp\/v2\/pages\/191"}],"wp:attachment":[{"href":"https:\/\/www.refugedesresistancesarmandgatti.ovh\/index.php\/wp-json\/wp\/v2\/media?parent=414"}],"curies":[{"name":"wp","href":"https:\/\/api.w.org\/{rel}","templated":true}]}}