{"id":395,"date":"2019-06-05T16:21:37","date_gmt":"2019-06-05T14:21:37","guid":{"rendered":"https:\/\/www.refugedesresistancesarmandgatti.ovh\/?page_id=395"},"modified":"2019-06-05T16:21:37","modified_gmt":"2019-06-05T14:21:37","slug":"soutenir-le-projet-gatti-2020","status":"publish","type":"page","link":"https:\/\/www.refugedesresistancesarmandgatti.ovh\/index.php\/gatti-2020\/soutenir-le-projet-gatti-2020\/","title":{"rendered":"Soutenir le projet GATTI 2020"},"content":{"rendered":"<p><img loading=\"lazy\" decoding=\"async\" class=\"aligncenter size-large wp-image-396\" src=\"https:\/\/www.refugedesresistancesarmandgatti.ovh\/wp-content\/uploads\/2019\/06\/souscr-722x1024.jpg\" alt=\"\" width=\"625\" height=\"886\" srcset=\"https:\/\/www.refugedesresistancesarmandgatti.ovh\/wp-content\/uploads\/2019\/06\/souscr-722x1024.jpg 722w, https:\/\/www.refugedesresistancesarmandgatti.ovh\/wp-content\/uploads\/2019\/06\/souscr-211x300.jpg 211w, https:\/\/www.refugedesresistancesarmandgatti.ovh\/wp-content\/uploads\/2019\/06\/souscr-768x1090.jpg 768w, https:\/\/www.refugedesresistancesarmandgatti.ovh\/wp-content\/uploads\/2019\/06\/souscr-624x885.jpg 624w, https:\/\/www.refugedesresistancesarmandgatti.ovh\/wp-content\/uploads\/2019\/06\/souscr.jpg 800w\" sizes=\"(max-width: 625px) 100vw, 625px\" \/><\/p>\n<p>Nous lan\u00e7ons un appel \u00e0 la solidarit\u00e9 financi\u00e8re \u00e0 toutes celles et ceux qui sont attach\u00e9s et int\u00e9ress\u00e9s \u00e0 l\u2019\u0153uvre d\u2019Armand Gatti et \u00e0 son engagement.<\/p>\n<p>Pour participer, vous pouvez adresser votre contribution au fond de dotation<br \/>\nArmand Gatti. Ces dons peuvent vous permettre d\u2019obtenir une r\u00e9duction d\u2019imp\u00f4t importante : pour un don de 100 \u20ac vous ne payez que 33 \u20ac.<br \/>\n<a href=\"http:\/\/www.armand-gatti.org\/fonds-de-dotation\/\">www.armand-gatti.org\/fonds-de-dotation\/<\/a><br \/>\n<!--EndFrag--><\/p>\n<p><strong>T\u00e9l\u00e9chargez et diffusez le projet et son financement :<\/strong><\/p>\n<p style=\"padding-left: 40px;\"><a href=\"https:\/\/www.refugedesresistancesarmandgatti.ovh\/wp-content\/uploads\/2019\/06\/souscriptionA4.pdf\">GATTI2020<\/a> <a href=\"https:\/\/www.refugedesresistancesarmandgatti.ovh\/wp-content\/uploads\/2019\/06\/bull_souscr001.pdf\">Souscription<\/a><\/p>\n","protected":false},"excerpt":{"rendered":"<p>Nous lan\u00e7ons un appel \u00e0 la solidarit\u00e9 financi\u00e8re \u00e0 toutes celles et ceux qui sont attach\u00e9s et int\u00e9ress\u00e9s \u00e0 l\u2019\u0153uvre d\u2019Armand Gatti et \u00e0 son engagement. Pour participer, vous pouvez adresser votre contribution au fond de dotation Armand Gatti. Ces dons peuvent vous permettre d\u2019obtenir une r\u00e9duction d\u2019imp\u00f4t importante : pour un don de 100 [&hellip;]<\/p>\n","protected":false},"author":2,"featured_media":0,"parent":191,"menu_order":0,"comment_status":"closed","ping_status":"closed","template":"","meta":{"footnotes":""},"class_list":["post-395","page","type-page","status-publish","hentry"],"_links":{"self":[{"href":"https:\/\/www.refugedesresistancesarmandgatti.ovh\/index.php\/wp-json\/wp\/v2\/pages\/395"}],"collection":[{"href":"https:\/\/www.refugedesresistancesarmandgatti.ovh\/index.php\/wp-json\/wp\/v2\/pages"}],"about":[{"href":"https:\/\/www.refugedesresistancesarmandgatti.ovh\/index.php\/wp-json\/wp\/v2\/types\/page"}],"author":[{"embeddable":true,"href":"https:\/\/www.refugedesresistancesarmandgatti.ovh\/index.php\/wp-json\/wp\/v2\/users\/2"}],"replies":[{"embeddable":true,"href":"https:\/\/www.refugedesresistancesarmandgatti.ovh\/index.php\/wp-json\/wp\/v2\/comments?post=395"}],"version-history":[{"count":1,"href":"https:\/\/www.refugedesresistancesarmandgatti.ovh\/index.php\/wp-json\/wp\/v2\/pages\/395\/revisions"}],"predecessor-version":[{"id":399,"href":"https:\/\/www.refugedesresistancesarmandgatti.ovh\/index.php\/wp-json\/wp\/v2\/pages\/395\/revisions\/399"}],"up":[{"embeddable":true,"href":"https:\/\/www.refugedesresistancesarmandgatti.ovh\/index.php\/wp-json\/wp\/v2\/pages\/191"}],"wp:attachment":[{"href":"https:\/\/www.refugedesresistancesarmandgatti.ovh\/index.php\/wp-json\/wp\/v2\/media?parent=395"}],"curies":[{"name":"wp","href":"https:\/\/api.w.org\/{rel}","templated":true}]}}