{"id":369,"date":"2019-06-05T14:26:09","date_gmt":"2019-06-05T12:26:09","guid":{"rendered":"https:\/\/www.refugedesresistancesarmandgatti.ovh\/?page_id=369"},"modified":"2019-06-05T15:14:40","modified_gmt":"2019-06-05T13:14:40","slug":"les-mots-de-la-resistance-dans-le-granite-de-la-berbeyrolle","status":"publish","type":"page","link":"https:\/\/www.refugedesresistancesarmandgatti.ovh\/index.php\/gatti-2020\/les-mots-de-la-resistance-dans-le-granite-de-la-berbeyrolle\/","title":{"rendered":"Les mots de la r\u00e9sistance dans le granite de la Berbeyrolle"},"content":{"rendered":"<p><img loading=\"lazy\" decoding=\"async\" class=\"size-full wp-image-372 aligncenter\" src=\"https:\/\/www.refugedesresistancesarmandgatti.ovh\/wp-content\/uploads\/2019\/06\/icaumaquis.jpg\" alt=\"\" width=\"600\" height=\"848\" srcset=\"https:\/\/www.refugedesresistancesarmandgatti.ovh\/wp-content\/uploads\/2019\/06\/icaumaquis.jpg 600w, https:\/\/www.refugedesresistancesarmandgatti.ovh\/wp-content\/uploads\/2019\/06\/icaumaquis-212x300.jpg 212w\" sizes=\"(max-width: 600px) 100vw, 600px\" \/><\/p>\n<p>En 1943, quatre maquisards creusent un trou pour se cacher, au c\u0153ur de la for\u00eat de la Berbeyrolle, sur la commune de Tarnac, sur le Plateau de Millevaches. Parmi eux, celui qui deviendra le po\u00e8te et dramaturge, <strong>Armand Gatti<\/strong>.<\/p>\n<p>Gatti a confi\u00e9 \u00e0 Marc Kravetz que sa rencontre avec cet \u00ab endroit parfait \u00bb avait provoqu\u00e9 sa deuxi\u00e8me naissance.<\/p>\n<p>Armand Gatti y est revenu r\u00e9guli\u00e8rement \u00e0 partir de 2004, et cr\u00e9a en 2006 un grand po\u00e8me, <strong>\u00ab Les cinq noms de r\u00e9sistance de Georges Guingouin, po\u00e8me rendu impossible par les mots du langage politique qui le hantent, mais dont les arbres de la for\u00eat de la Berbeyrolle maintiennent le combat, par son toujours maquisard \u2018Don qui? \u00bb<\/strong>, en hommage au pionnier de la r\u00e9sistance limousine.<\/p>\n<p>En 1996, lors d\u2019une discussion entre Armand Gatti et Jean Plazanet, alors maire de Tarnac, celui-ci annonce la n\u00e9cessit\u00e9 de mettre une plaque dans le trou qui servit d\u2019abri aux maquisards de la For\u00eat de la Berbeyrolle.<\/p>\n<p>Armand Gatti et H\u00e9l\u00e8ne Chatelain ont souhait\u00e9 que soit grav\u00e9 dans la pierre , un message universel de fraternit\u00e9 o\u00f9 r\u00e9sistants et paysans (les l\u00e9gaux) se sont retrouv\u00e9s dans la r\u00e9sistance :<\/p>\n<p style=\"text-align: center;\">\u00ab Ici, au maquis,<br \/>\nRaymond Mas, Pierre H\u00e9lie,<br \/>\nSimone H\u00e9lie de Tarnac<br \/>\nOnt accueilli et soutenu<br \/>\nGeorges Claravel et son fr\u00e8re Joseph<br \/>\nMarcel Poyeton de Lyon<br \/>\nArmand Gatti de Monaco.<\/p>\n<p style=\"text-align: center;\">Nous ne sommes rien. Soyons tout.<br \/>\nA Nicole Gompers \u00bb<\/p>\n","protected":false},"excerpt":{"rendered":"<p>En 1943, quatre maquisards creusent un trou pour se cacher, au c\u0153ur de la for\u00eat de la Berbeyrolle, sur la commune de Tarnac, sur le Plateau de Millevaches. Parmi eux, celui qui deviendra le po\u00e8te et dramaturge, Armand Gatti. Gatti a confi\u00e9 \u00e0 Marc Kravetz que sa rencontre avec cet \u00ab endroit parfait \u00bb avait [&hellip;]<\/p>\n","protected":false},"author":2,"featured_media":0,"parent":191,"menu_order":0,"comment_status":"closed","ping_status":"closed","template":"page-templates\/full-width.php","meta":{"footnotes":""},"class_list":["post-369","page","type-page","status-publish","hentry"],"_links":{"self":[{"href":"https:\/\/www.refugedesresistancesarmandgatti.ovh\/index.php\/wp-json\/wp\/v2\/pages\/369"}],"collection":[{"href":"https:\/\/www.refugedesresistancesarmandgatti.ovh\/index.php\/wp-json\/wp\/v2\/pages"}],"about":[{"href":"https:\/\/www.refugedesresistancesarmandgatti.ovh\/index.php\/wp-json\/wp\/v2\/types\/page"}],"author":[{"embeddable":true,"href":"https:\/\/www.refugedesresistancesarmandgatti.ovh\/index.php\/wp-json\/wp\/v2\/users\/2"}],"replies":[{"embeddable":true,"href":"https:\/\/www.refugedesresistancesarmandgatti.ovh\/index.php\/wp-json\/wp\/v2\/comments?post=369"}],"version-history":[{"count":8,"href":"https:\/\/www.refugedesresistancesarmandgatti.ovh\/index.php\/wp-json\/wp\/v2\/pages\/369\/revisions"}],"predecessor-version":[{"id":388,"href":"https:\/\/www.refugedesresistancesarmandgatti.ovh\/index.php\/wp-json\/wp\/v2\/pages\/369\/revisions\/388"}],"up":[{"embeddable":true,"href":"https:\/\/www.refugedesresistancesarmandgatti.ovh\/index.php\/wp-json\/wp\/v2\/pages\/191"}],"wp:attachment":[{"href":"https:\/\/www.refugedesresistancesarmandgatti.ovh\/index.php\/wp-json\/wp\/v2\/media?parent=369"}],"curies":[{"name":"wp","href":"https:\/\/api.w.org\/{rel}","templated":true}]}}