{"id":335,"date":"2019-03-12T17:42:46","date_gmt":"2019-03-12T16:42:46","guid":{"rendered":"https:\/\/www.refugedesresistancesarmandgatti.ovh\/?page_id=335"},"modified":"2021-08-02T10:35:22","modified_gmt":"2021-08-02T08:35:22","slug":"gatti-en-limousin-presentation-du-projet-gatti-2020","status":"publish","type":"page","link":"https:\/\/www.refugedesresistancesarmandgatti.ovh\/index.php\/gatti-2020\/gatti-en-limousin-presentation-du-projet-gatti-2020\/","title":{"rendered":"2019 : pr\u00e9sentation du projet GATTI 2020"},"content":{"rendered":"<h2><strong>GATTI 2020 :<\/strong><\/h2>\n<p>En avril 2020, un \u00e9v\u00e9nement important se d\u00e9roulera \u00e0 Tarnac et dans la for\u00eat de la Berbeyrolle.<\/p>\n<p>A l&rsquo;occasion du 2\u00e8me anniversaire de la disparition du grand po\u00e8te et dramaturge Armand GATTI, maquisard en Corr\u00e8ze \u00e0 19 ans, une journ\u00e9e- \u00e9v\u00e9nement aura lieu le dimanche 7 avril 2019 \u00e0 TARNAC consacr\u00e9e au po\u00e8te, \u00e0 sa relation exceptionnelle avec le Limousin et \u00e0 l&rsquo;esprit de la R\u00e9sistance qui courent tout au long de sa vie, de son \u0153uvre et dans ce pays. Cette journ\u00e9e annoncera un important projet \u00e0 Tarnac en 2020, <em>Les mots de la r\u00e9sistance dans le granit.<\/em><\/p>\n<p style=\"text-align: center;\"><strong>Armand GATTI en LIMOUSIN<\/strong><\/p>\n<p style=\"text-align: center;\"><strong>LES MOTS DE LA R\u00c9SISTANCE DANS LE GRANIT<\/strong><\/p>\n<p style=\"text-align: center;\"><strong>Pour un lieu de m\u00e9moire et de culture vivantes \u00e0 TARNAC (Corr\u00e8ze)<\/strong><\/p>\n<p style=\"text-align: center;\"><strong>Le 7 avril 2019 \u00e0 TARNAC <\/strong><\/p>\n<p><strong>Salle des Petites Maisons (derri\u00e8re Mairie)<\/strong><\/p>\n<p><strong>10 heures : lancement du projet GATTI 2020 <\/strong><\/p>\n<p><strong>10 heures 15 : projection du documentaire \u00ab\u00a0Gatti \u00e0 la Berbeyrolle (2013)\u00a0\u00bb,<\/strong><strong> en pr\u00e9sence de St\u00e9phane Gatti, r\u00e9alisateur.<\/strong><\/p>\n<p><strong>10 heures 30 : trois questions \u00e0 Francis Juchereau et Christophe Souli<\/strong><strong>\u00e9 &#8211; auteurs de travaux sur Gatti et le Limousin &#8211;<br \/>\n<\/strong><\/p>\n<p><strong>11 heures : rassemblement sur le site de la Berbeyrolle (au trou du camp du maquis) puis autour de la \u00ab\u00a0Maison aux volets rouges\u00a0\u00bb, ancienne boulangerie de Raymond Mas, lieu d&rsquo;accueil et de refuge des maquisards de la Berbeyrolle, \u00e0 nouveau lieu d&rsquo;accueil<br \/>\n<\/strong><\/p>\n<p><strong>14 heures 30 : introduction par Claude Faber- journaliste et po\u00e8te, auteur d&rsquo;entretiens avec Armand Gatti, <em>La Po\u00e9sie de l&rsquo;\u00e9toile <\/em>(1998)<\/strong><\/p>\n<p><strong>15 heures : projection du documentaire (55&prime;) <em>Th\u00e9\u00e2tre d&rsquo;aujourd&rsquo;hui, soir\u00e9e Armand Gatti<\/em> (1967) avec une longue s\u00e9quence tourn\u00e9e \u00e0 la Berbeyrolle-Tarnac <\/strong><\/p>\n<p><img loading=\"lazy\" decoding=\"async\" class=\"aligncenter wp-image-349 size-large\" src=\"https:\/\/www.refugedesresistancesarmandgatti.ovh\/wp-content\/uploads\/2019\/03\/affiche-2019-3_r-724x1024.jpg\" alt=\"\" width=\"625\" height=\"884\" srcset=\"https:\/\/www.refugedesresistancesarmandgatti.ovh\/wp-content\/uploads\/2019\/03\/affiche-2019-3_r-724x1024.jpg 724w, https:\/\/www.refugedesresistancesarmandgatti.ovh\/wp-content\/uploads\/2019\/03\/affiche-2019-3_r-212x300.jpg 212w, https:\/\/www.refugedesresistancesarmandgatti.ovh\/wp-content\/uploads\/2019\/03\/affiche-2019-3_r-768x1086.jpg 768w, https:\/\/www.refugedesresistancesarmandgatti.ovh\/wp-content\/uploads\/2019\/03\/affiche-2019-3_r-624x883.jpg 624w, https:\/\/www.refugedesresistancesarmandgatti.ovh\/wp-content\/uploads\/2019\/03\/affiche-2019-3_r.jpg 1052w\" sizes=\"(max-width: 625px) 100vw, 625px\" \/><\/p>\n<p>&nbsp;<\/p>\n","protected":false},"excerpt":{"rendered":"<p>GATTI 2020 : En avril 2020, un \u00e9v\u00e9nement important se d\u00e9roulera \u00e0 Tarnac et dans la for\u00eat de la Berbeyrolle. A l&rsquo;occasion du 2\u00e8me anniversaire de la disparition du grand po\u00e8te et dramaturge Armand GATTI, maquisard en Corr\u00e8ze \u00e0 19 ans, une journ\u00e9e- \u00e9v\u00e9nement aura lieu le dimanche 7 avril 2019 \u00e0 TARNAC consacr\u00e9e au [&hellip;]<\/p>\n","protected":false},"author":2,"featured_media":0,"parent":191,"menu_order":0,"comment_status":"open","ping_status":"closed","template":"","meta":{"footnotes":""},"class_list":["post-335","page","type-page","status-publish","hentry"],"_links":{"self":[{"href":"https:\/\/www.refugedesresistancesarmandgatti.ovh\/index.php\/wp-json\/wp\/v2\/pages\/335"}],"collection":[{"href":"https:\/\/www.refugedesresistancesarmandgatti.ovh\/index.php\/wp-json\/wp\/v2\/pages"}],"about":[{"href":"https:\/\/www.refugedesresistancesarmandgatti.ovh\/index.php\/wp-json\/wp\/v2\/types\/page"}],"author":[{"embeddable":true,"href":"https:\/\/www.refugedesresistancesarmandgatti.ovh\/index.php\/wp-json\/wp\/v2\/users\/2"}],"replies":[{"embeddable":true,"href":"https:\/\/www.refugedesresistancesarmandgatti.ovh\/index.php\/wp-json\/wp\/v2\/comments?post=335"}],"version-history":[{"count":6,"href":"https:\/\/www.refugedesresistancesarmandgatti.ovh\/index.php\/wp-json\/wp\/v2\/pages\/335\/revisions"}],"predecessor-version":[{"id":434,"href":"https:\/\/www.refugedesresistancesarmandgatti.ovh\/index.php\/wp-json\/wp\/v2\/pages\/335\/revisions\/434"}],"up":[{"embeddable":true,"href":"https:\/\/www.refugedesresistancesarmandgatti.ovh\/index.php\/wp-json\/wp\/v2\/pages\/191"}],"wp:attachment":[{"href":"https:\/\/www.refugedesresistancesarmandgatti.ovh\/index.php\/wp-json\/wp\/v2\/media?parent=335"}],"curies":[{"name":"wp","href":"https:\/\/api.w.org\/{rel}","templated":true}]}}