{"id":318,"date":"2019-03-11T17:39:55","date_gmt":"2019-03-11T16:39:55","guid":{"rendered":"https:\/\/www.refugedesresistancesarmandgatti.ovh\/?page_id=318"},"modified":"2019-03-11T17:39:55","modified_gmt":"2019-03-11T16:39:55","slug":"2015-resister-disent-ils","status":"publish","type":"page","link":"https:\/\/www.refugedesresistancesarmandgatti.ovh\/index.php\/refuge-des-resistances\/2015-resister-disent-ils\/","title":{"rendered":"2015 : Resister ! Disent-ils"},"content":{"rendered":"<p><strong><a href=\"https:\/\/www.natomusic.fr\/index.php\">nato<\/a>\u00a0:<\/strong> <strong>Armand Gatti, mille sources en deux temps<\/strong><\/p>\n<p><em>Nous \u00e9tions tous des noms d&rsquo;arbres<\/em>, tel \u00e9tait le titre d\u2019un film r\u00e9alis\u00e9 par Armand Gatti en 1982. Les arbres, Armand Gatti les a aim\u00e9s jusqu&rsquo;\u00e0 les conjoindre avec les \u00eatres, \u00e0 les vivre dans leur observation, \u00e0 les associer \u00e0 sa qu\u00eate de langage qui caract\u00e9rise son \u0153uvre \u00e9bouriffante, voyage f\u00e9cond serait un meilleur mot. Po\u00e8te, \u00e9crivain, metteur en sc\u00e8ne de th\u00e9\u00e2tre et de cin\u00e9ma, journaliste, Gatti fut aussi r\u00e9sistant lorsqu\u2019il rejoint le maquis de Corr\u00e8ze, la for\u00eat de la Berbeyrolle \u00e0 Tarnac. Il conna\u00eet la prison, le travail forc\u00e9, l\u2019\u00e9vasion, le retour au maquis limousin de Georges Guingouin avant de gagner Londres et les parachutistes du\u00a0 <em>Special Air Service<\/em>. Sa grande aventure est celle du langage, sa capacit\u00e9 \u00e0 agir sur le devenir des \u00eatres, leur pr\u00e9sent et m\u00eame leur pass\u00e9, \u00e0 rendre la vie multiple. \u00ab <em>Tout a commenc\u00e9 ici, \u00e0 Tarnac. La for\u00eat de la Berbeyrolle est le premier maquis de France <\/em>\u00bb confiait-il en octobre 2014. Les compl\u00e9mentarit\u00e9s fourmillent au pays des arbres et par d\u2019autres routes, d\u2019autres mots, d\u2019autres pertinences, Tarnac demeure aujourd\u2019hui, en belle lumi\u00e8re, lieu de fraternit\u00e9, une marque sur la carte. La g\u00e9ographie a son \u00e9loquence. Inscrire d\u2019une pierre l\u2019endroit o\u00f9, parmi les arbres, se forge une des grandes \u0153uvres litt\u00e9raires du XXe si\u00e8cle est une \u00e9vidence. Une \u0153uvre litt\u00e9raire qui ne se contente pas de mots, mais les porte \u00e0 vie.<\/p>\n<p>C\u2019est la musique de ces mots, leur \u00e9corce, leur s\u00e8ve qui a inspir\u00e9 le musicien <a href=\"https:\/\/en.wikipedia.org\/wiki\/Tony_Hymas\">Tony Hymas<\/a> pour composer une musique rejoignant <em>Les cinq noms de r\u00e9sistance de Georges Guingouin<\/em>, po\u00e8me \u00e9crit par Armand Gatti en 2005 apr\u00e8s la disparition du fameux maquisard. Plus qu\u2019une mise en musique, il s\u2019agit d\u2019une perspective musicale \u00e0 partir d\u2019un po\u00e8me qui parcourt tout le XXe si\u00e8cle, en saisit tous les reliefs bord\u00e9s par les arbres. Dans les ann\u00e9es d\u2019apr\u00e8s-guerre (comme on dit), Armand Gatti d\u00e9fend imp\u00e9tueusement la nouvelle musique (celle de Pierre Boulez avec qui il cr\u00e9e, ou celles de John Cage ou Morton Feldman). Les musiques populaires reprendront l\u2019espace.<\/p>\n<p>\u00c0 Limoges le 28 novembre 2015, Armand Gatti assiste, heureux, \u00e0 l\u2019int\u00e9grale de la version musicale des <em>Cinq noms de r\u00e9sistance de Georges Guingoin<\/em>. \u00ab\u00a0<em>Je suis aussi, je suis surtout quelqu&rsquo;un qui doute. De tout. Sauf de mon amour pour les animaux et les hommes et les arbres\u00a0<\/em>\u00bb. Sous le regard des arbres : une pierre, une suite musicale, pour saluer celui qui sut offrir la connaissance du monde sur un plateau de mille sources.<\/p>\n<p>Jean Rochard (nato)<\/p>\n<p><img loading=\"lazy\" decoding=\"async\" class=\"aligncenter wp-image-319 size-large\" src=\"https:\/\/www.refugedesresistancesarmandgatti.ovh\/wp-content\/uploads\/2019\/03\/Resister-web-724x1024.jpg\" alt=\"\" width=\"625\" height=\"884\" srcset=\"https:\/\/www.refugedesresistancesarmandgatti.ovh\/wp-content\/uploads\/2019\/03\/Resister-web-724x1024.jpg 724w, https:\/\/www.refugedesresistancesarmandgatti.ovh\/wp-content\/uploads\/2019\/03\/Resister-web-212x300.jpg 212w, https:\/\/www.refugedesresistancesarmandgatti.ovh\/wp-content\/uploads\/2019\/03\/Resister-web-768x1086.jpg 768w, https:\/\/www.refugedesresistancesarmandgatti.ovh\/wp-content\/uploads\/2019\/03\/Resister-web-624x883.jpg 624w, https:\/\/www.refugedesresistancesarmandgatti.ovh\/wp-content\/uploads\/2019\/03\/Resister-web.jpg 842w\" sizes=\"(max-width: 625px) 100vw, 625px\" \/><\/p>\n<p>Affiche : R\u00e9my Penard<\/p>\n","protected":false},"excerpt":{"rendered":"<p>nato\u00a0: Armand Gatti, mille sources en deux temps Nous \u00e9tions tous des noms d&rsquo;arbres, tel \u00e9tait le titre d\u2019un film r\u00e9alis\u00e9 par Armand Gatti en 1982. Les arbres, Armand Gatti les a aim\u00e9s jusqu&rsquo;\u00e0 les conjoindre avec les \u00eatres, \u00e0 les vivre dans leur observation, \u00e0 les associer \u00e0 sa qu\u00eate de langage qui caract\u00e9rise [&hellip;]<\/p>\n","protected":false},"author":2,"featured_media":0,"parent":202,"menu_order":0,"comment_status":"closed","ping_status":"closed","template":"","meta":{"footnotes":""},"class_list":["post-318","page","type-page","status-publish","hentry"],"_links":{"self":[{"href":"https:\/\/www.refugedesresistancesarmandgatti.ovh\/index.php\/wp-json\/wp\/v2\/pages\/318"}],"collection":[{"href":"https:\/\/www.refugedesresistancesarmandgatti.ovh\/index.php\/wp-json\/wp\/v2\/pages"}],"about":[{"href":"https:\/\/www.refugedesresistancesarmandgatti.ovh\/index.php\/wp-json\/wp\/v2\/types\/page"}],"author":[{"embeddable":true,"href":"https:\/\/www.refugedesresistancesarmandgatti.ovh\/index.php\/wp-json\/wp\/v2\/users\/2"}],"replies":[{"embeddable":true,"href":"https:\/\/www.refugedesresistancesarmandgatti.ovh\/index.php\/wp-json\/wp\/v2\/comments?post=318"}],"version-history":[{"count":1,"href":"https:\/\/www.refugedesresistancesarmandgatti.ovh\/index.php\/wp-json\/wp\/v2\/pages\/318\/revisions"}],"predecessor-version":[{"id":320,"href":"https:\/\/www.refugedesresistancesarmandgatti.ovh\/index.php\/wp-json\/wp\/v2\/pages\/318\/revisions\/320"}],"up":[{"embeddable":true,"href":"https:\/\/www.refugedesresistancesarmandgatti.ovh\/index.php\/wp-json\/wp\/v2\/pages\/202"}],"wp:attachment":[{"href":"https:\/\/www.refugedesresistancesarmandgatti.ovh\/index.php\/wp-json\/wp\/v2\/media?parent=318"}],"curies":[{"name":"wp","href":"https:\/\/api.w.org\/{rel}","templated":true}]}}