{"id":303,"date":"2019-03-10T15:37:08","date_gmt":"2019-03-10T14:37:08","guid":{"rendered":"https:\/\/www.refugedesresistancesarmandgatti.ovh\/?page_id=303"},"modified":"2019-03-12T18:52:44","modified_gmt":"2019-03-12T17:52:44","slug":"2014-forets-et-resistances","status":"publish","type":"page","link":"https:\/\/www.refugedesresistancesarmandgatti.ovh\/index.php\/refuge-des-resistances\/2014-forets-et-resistances\/","title":{"rendered":"2014 : For\u00eats et R\u00e9sistances"},"content":{"rendered":"<h2 style=\"text-align: center;\"><b>\u00ab For\u00eat et R\u00e9sistance \u00bb <\/b><b>d\u00e9clin\u00e9 sur trois jours<\/b><\/h2>\n<p><i>Pour les rencontres \u00ab For\u00eat et R\u00e9sistance \u00bb, Armand Gatti est revenu dans la <\/i><i>for\u00eat de Berbeyrolle, \u00e0 Tarnac, lieu du maquis o\u00f9 il a rejoint Guingouin.<\/i><br \/>\n<b>Gatti et ses fr\u00e8res d&rsquo;arbres<\/b><br \/>\nDans la Grange de Tarnac, \u00e0 l&rsquo;occasion des rencontres \u00ab For\u00eat et R\u00e9sistance \u00bb organis\u00e9e par l&rsquo;association Refuge des r\u00e9sistances Armand Gatti, l&rsquo;ancien r\u00e9sistant est venu rendre hommage \u00e0 la for\u00eat de Berbeyrolle pour une lecture publique en d\u00e9voilant un texte in\u00e9dit,\u00a0 un hommage \u00e0 ses fr\u00e8res d&rsquo;armes mais aussi \u00e0 \u00ab mes fr\u00e8res d&rsquo;arbres qui regardaient leurs semblables, les hommes, se battre, survivre\u0085 \u00bb<br \/>\nCette rencontre \u00e9mouvante avec le po\u00e8te de 90 ans, qui a men\u00e9 les participants jusqu&rsquo;au<br \/>\ncoeur de la for\u00eat de Berbeyrolle, \u00e9tait une \u00e9tape du parcours \u00e9labor\u00e9 par l&rsquo;association corr\u00e9-<br \/>\nzienne pour d\u00e9cliner son th\u00e8me \u00ab For\u00eat et R\u00e9sistance \u00bb.<br \/>\n\u00ab Ce week-end, d&rsquo;Eymoutiers \u00e0 Tarnac en passant par Peyrelevade, Saint-Setiers et Rempnat, des rendez-vous autour de la musique, de projections de films, d&rsquo;expositions, de d\u00e9-<br \/>\nbats\u0085 ont permis d&rsquo;\u00e9voquer le maquis d&rsquo;hier et la for\u00eat d&rsquo;aujourd&rsquo;hui, l&rsquo;\u00e9volution de la for\u00eat<br \/>\npaysanne de Vazeilles \u00e0 la for\u00eat productive \u00bb, expliquait Francis Juchereau,<\/p>\n<p><img loading=\"lazy\" decoding=\"async\" class=\"size-full wp-image-304 aligncenter\" src=\"https:\/\/www.refugedesresistancesarmandgatti.ovh\/wp-content\/uploads\/2019\/03\/affiche50p.jpg\" alt=\"\" width=\"1116\" height=\"1421\" srcset=\"https:\/\/www.refugedesresistancesarmandgatti.ovh\/wp-content\/uploads\/2019\/03\/affiche50p.jpg 1116w, https:\/\/www.refugedesresistancesarmandgatti.ovh\/wp-content\/uploads\/2019\/03\/affiche50p-236x300.jpg 236w, https:\/\/www.refugedesresistancesarmandgatti.ovh\/wp-content\/uploads\/2019\/03\/affiche50p-768x978.jpg 768w, https:\/\/www.refugedesresistancesarmandgatti.ovh\/wp-content\/uploads\/2019\/03\/affiche50p-804x1024.jpg 804w, https:\/\/www.refugedesresistancesarmandgatti.ovh\/wp-content\/uploads\/2019\/03\/affiche50p-624x795.jpg 624w\" sizes=\"(max-width: 1116px) 100vw, 1116px\" \/><\/p>\n<p><img loading=\"lazy\" decoding=\"async\" class=\"alignnone size-full wp-image-308\" src=\"https:\/\/www.refugedesresistancesarmandgatti.ovh\/wp-content\/uploads\/2019\/03\/pr-FR1.jpg\" alt=\"\" width=\"2235\" height=\"2351\" srcset=\"https:\/\/www.refugedesresistancesarmandgatti.ovh\/wp-content\/uploads\/2019\/03\/pr-FR1.jpg 2235w, https:\/\/www.refugedesresistancesarmandgatti.ovh\/wp-content\/uploads\/2019\/03\/pr-FR1-285x300.jpg 285w, https:\/\/www.refugedesresistancesarmandgatti.ovh\/wp-content\/uploads\/2019\/03\/pr-FR1-768x808.jpg 768w, https:\/\/www.refugedesresistancesarmandgatti.ovh\/wp-content\/uploads\/2019\/03\/pr-FR1-973x1024.jpg 973w, https:\/\/www.refugedesresistancesarmandgatti.ovh\/wp-content\/uploads\/2019\/03\/pr-FR1-624x656.jpg 624w\" sizes=\"(max-width: 2235px) 100vw, 2235px\" \/><\/p>\n<p><img loading=\"lazy\" decoding=\"async\" class=\"alignnone size-full wp-image-311\" src=\"https:\/\/www.refugedesresistancesarmandgatti.ovh\/wp-content\/uploads\/2019\/03\/DSC_0170_r-1.jpg\" alt=\"\" width=\"1104\" height=\"737\" srcset=\"https:\/\/www.refugedesresistancesarmandgatti.ovh\/wp-content\/uploads\/2019\/03\/DSC_0170_r-1.jpg 1104w, https:\/\/www.refugedesresistancesarmandgatti.ovh\/wp-content\/uploads\/2019\/03\/DSC_0170_r-1-300x200.jpg 300w, https:\/\/www.refugedesresistancesarmandgatti.ovh\/wp-content\/uploads\/2019\/03\/DSC_0170_r-1-768x513.jpg 768w, https:\/\/www.refugedesresistancesarmandgatti.ovh\/wp-content\/uploads\/2019\/03\/DSC_0170_r-1-1024x684.jpg 1024w, https:\/\/www.refugedesresistancesarmandgatti.ovh\/wp-content\/uploads\/2019\/03\/DSC_0170_r-1-730x487.jpg 730w, https:\/\/www.refugedesresistancesarmandgatti.ovh\/wp-content\/uploads\/2019\/03\/DSC_0170_r-1-624x417.jpg 624w\" sizes=\"(max-width: 1104px) 100vw, 1104px\" \/><\/p>\n<p><img loading=\"lazy\" decoding=\"async\" class=\"alignnone size-full wp-image-307\" src=\"https:\/\/www.refugedesresistancesarmandgatti.ovh\/wp-content\/uploads\/2019\/03\/pr-FR2.jpg\" alt=\"\" width=\"2330\" height=\"2468\" srcset=\"https:\/\/www.refugedesresistancesarmandgatti.ovh\/wp-content\/uploads\/2019\/03\/pr-FR2.jpg 2330w, https:\/\/www.refugedesresistancesarmandgatti.ovh\/wp-content\/uploads\/2019\/03\/pr-FR2-283x300.jpg 283w, https:\/\/www.refugedesresistancesarmandgatti.ovh\/wp-content\/uploads\/2019\/03\/pr-FR2-768x813.jpg 768w, https:\/\/www.refugedesresistancesarmandgatti.ovh\/wp-content\/uploads\/2019\/03\/pr-FR2-967x1024.jpg 967w, https:\/\/www.refugedesresistancesarmandgatti.ovh\/wp-content\/uploads\/2019\/03\/pr-FR2-624x661.jpg 624w\" sizes=\"(max-width: 2330px) 100vw, 2330px\" \/><\/p>\n<p>&nbsp;<\/p>\n<p><img loading=\"lazy\" decoding=\"async\" class=\"alignnone size-full wp-image-312\" src=\"https:\/\/www.refugedesresistancesarmandgatti.ovh\/wp-content\/uploads\/2019\/03\/DSC_0209.jpg\" alt=\"\" width=\"1104\" height=\"737\" srcset=\"https:\/\/www.refugedesresistancesarmandgatti.ovh\/wp-content\/uploads\/2019\/03\/DSC_0209.jpg 1104w, https:\/\/www.refugedesresistancesarmandgatti.ovh\/wp-content\/uploads\/2019\/03\/DSC_0209-300x200.jpg 300w, https:\/\/www.refugedesresistancesarmandgatti.ovh\/wp-content\/uploads\/2019\/03\/DSC_0209-768x513.jpg 768w, https:\/\/www.refugedesresistancesarmandgatti.ovh\/wp-content\/uploads\/2019\/03\/DSC_0209-1024x684.jpg 1024w, https:\/\/www.refugedesresistancesarmandgatti.ovh\/wp-content\/uploads\/2019\/03\/DSC_0209-730x487.jpg 730w, https:\/\/www.refugedesresistancesarmandgatti.ovh\/wp-content\/uploads\/2019\/03\/DSC_0209-624x417.jpg 624w\" sizes=\"(max-width: 1104px) 100vw, 1104px\" \/><\/p>\n<p>A. Gatti et Michelle Laveix dans la grange de St S\u00e9tiers o\u00f9 Bernard Combi interpr\u00e8te un po\u00eame de Serge Pey : \u00ab\u00a0Dans un Pays\u00a0\u00bb<\/p>\n","protected":false},"excerpt":{"rendered":"<p>\u00ab For\u00eat et R\u00e9sistance \u00bb d\u00e9clin\u00e9 sur trois jours Pour les rencontres \u00ab For\u00eat et R\u00e9sistance \u00bb, Armand Gatti est revenu dans la for\u00eat de Berbeyrolle, \u00e0 Tarnac, lieu du maquis o\u00f9 il a rejoint Guingouin. Gatti et ses fr\u00e8res d&rsquo;arbres Dans la Grange de Tarnac, \u00e0 l&rsquo;occasion des rencontres \u00ab For\u00eat et R\u00e9sistance \u00bb [&hellip;]<\/p>\n","protected":false},"author":2,"featured_media":0,"parent":202,"menu_order":0,"comment_status":"closed","ping_status":"closed","template":"","meta":{"footnotes":""},"class_list":["post-303","page","type-page","status-publish","hentry"],"_links":{"self":[{"href":"https:\/\/www.refugedesresistancesarmandgatti.ovh\/index.php\/wp-json\/wp\/v2\/pages\/303"}],"collection":[{"href":"https:\/\/www.refugedesresistancesarmandgatti.ovh\/index.php\/wp-json\/wp\/v2\/pages"}],"about":[{"href":"https:\/\/www.refugedesresistancesarmandgatti.ovh\/index.php\/wp-json\/wp\/v2\/types\/page"}],"author":[{"embeddable":true,"href":"https:\/\/www.refugedesresistancesarmandgatti.ovh\/index.php\/wp-json\/wp\/v2\/users\/2"}],"replies":[{"embeddable":true,"href":"https:\/\/www.refugedesresistancesarmandgatti.ovh\/index.php\/wp-json\/wp\/v2\/comments?post=303"}],"version-history":[{"count":6,"href":"https:\/\/www.refugedesresistancesarmandgatti.ovh\/index.php\/wp-json\/wp\/v2\/pages\/303\/revisions"}],"predecessor-version":[{"id":315,"href":"https:\/\/www.refugedesresistancesarmandgatti.ovh\/index.php\/wp-json\/wp\/v2\/pages\/303\/revisions\/315"}],"up":[{"embeddable":true,"href":"https:\/\/www.refugedesresistancesarmandgatti.ovh\/index.php\/wp-json\/wp\/v2\/pages\/202"}],"wp:attachment":[{"href":"https:\/\/www.refugedesresistancesarmandgatti.ovh\/index.php\/wp-json\/wp\/v2\/media?parent=303"}],"curies":[{"name":"wp","href":"https:\/\/api.w.org\/{rel}","templated":true}]}}