{"id":290,"date":"2019-03-09T22:14:00","date_gmt":"2019-03-09T21:14:00","guid":{"rendered":"https:\/\/www.refugedesresistancesarmandgatti.ovh\/?page_id=290"},"modified":"2019-03-09T22:15:58","modified_gmt":"2019-03-09T21:15:58","slug":"2010-residence-europeenne-de-creation","status":"publish","type":"page","link":"https:\/\/www.refugedesresistancesarmandgatti.ovh\/index.php\/refuge-des-resistances\/2010-residence-europeenne-de-creation\/","title":{"rendered":"2010 : R\u00e9sidence europ\u00e9enne de cr\u00e9ation"},"content":{"rendered":"<p><img loading=\"lazy\" decoding=\"async\" class=\"alignnone size-full wp-image-292\" src=\"https:\/\/www.refugedesresistancesarmandgatti.ovh\/wp-content\/uploads\/2019\/03\/27-1.jpg\" alt=\"\" width=\"929\" height=\"1125\" srcset=\"https:\/\/www.refugedesresistancesarmandgatti.ovh\/wp-content\/uploads\/2019\/03\/27-1.jpg 929w, https:\/\/www.refugedesresistancesarmandgatti.ovh\/wp-content\/uploads\/2019\/03\/27-1-248x300.jpg 248w, https:\/\/www.refugedesresistancesarmandgatti.ovh\/wp-content\/uploads\/2019\/03\/27-1-768x930.jpg 768w, https:\/\/www.refugedesresistancesarmandgatti.ovh\/wp-content\/uploads\/2019\/03\/27-1-846x1024.jpg 846w, https:\/\/www.refugedesresistancesarmandgatti.ovh\/wp-content\/uploads\/2019\/03\/27-1-624x756.jpg 624w\" sizes=\"(max-width: 929px) 100vw, 929px\" \/><\/p>\n<p><img loading=\"lazy\" decoding=\"async\" class=\"alignnone size-full wp-image-291\" src=\"https:\/\/www.refugedesresistancesarmandgatti.ovh\/wp-content\/uploads\/2019\/03\/32.jpg\" alt=\"\" width=\"929\" height=\"1315\" srcset=\"https:\/\/www.refugedesresistancesarmandgatti.ovh\/wp-content\/uploads\/2019\/03\/32.jpg 929w, https:\/\/www.refugedesresistancesarmandgatti.ovh\/wp-content\/uploads\/2019\/03\/32-212x300.jpg 212w, https:\/\/www.refugedesresistancesarmandgatti.ovh\/wp-content\/uploads\/2019\/03\/32-768x1087.jpg 768w, https:\/\/www.refugedesresistancesarmandgatti.ovh\/wp-content\/uploads\/2019\/03\/32-723x1024.jpg 723w, https:\/\/www.refugedesresistancesarmandgatti.ovh\/wp-content\/uploads\/2019\/03\/32-624x883.jpg 624w\" sizes=\"(max-width: 929px) 100vw, 929px\" \/> <img loading=\"lazy\" decoding=\"async\" class=\"alignnone size-full wp-image-293\" src=\"https:\/\/www.refugedesresistancesarmandgatti.ovh\/wp-content\/uploads\/2019\/03\/28-1.jpg\" alt=\"\" width=\"929\" height=\"1121\" srcset=\"https:\/\/www.refugedesresistancesarmandgatti.ovh\/wp-content\/uploads\/2019\/03\/28-1.jpg 929w, https:\/\/www.refugedesresistancesarmandgatti.ovh\/wp-content\/uploads\/2019\/03\/28-1-249x300.jpg 249w, https:\/\/www.refugedesresistancesarmandgatti.ovh\/wp-content\/uploads\/2019\/03\/28-1-768x927.jpg 768w, https:\/\/www.refugedesresistancesarmandgatti.ovh\/wp-content\/uploads\/2019\/03\/28-1-849x1024.jpg 849w, https:\/\/www.refugedesresistancesarmandgatti.ovh\/wp-content\/uploads\/2019\/03\/28-1-624x753.jpg 624w\" sizes=\"(max-width: 929px) 100vw, 929px\" \/><\/p>\n","protected":false},"excerpt":{"rendered":"","protected":false},"author":2,"featured_media":0,"parent":202,"menu_order":0,"comment_status":"closed","ping_status":"closed","template":"","meta":{"footnotes":""},"class_list":["post-290","page","type-page","status-publish","hentry"],"_links":{"self":[{"href":"https:\/\/www.refugedesresistancesarmandgatti.ovh\/index.php\/wp-json\/wp\/v2\/pages\/290"}],"collection":[{"href":"https:\/\/www.refugedesresistancesarmandgatti.ovh\/index.php\/wp-json\/wp\/v2\/pages"}],"about":[{"href":"https:\/\/www.refugedesresistancesarmandgatti.ovh\/index.php\/wp-json\/wp\/v2\/types\/page"}],"author":[{"embeddable":true,"href":"https:\/\/www.refugedesresistancesarmandgatti.ovh\/index.php\/wp-json\/wp\/v2\/users\/2"}],"replies":[{"embeddable":true,"href":"https:\/\/www.refugedesresistancesarmandgatti.ovh\/index.php\/wp-json\/wp\/v2\/comments?post=290"}],"version-history":[{"count":2,"href":"https:\/\/www.refugedesresistancesarmandgatti.ovh\/index.php\/wp-json\/wp\/v2\/pages\/290\/revisions"}],"predecessor-version":[{"id":295,"href":"https:\/\/www.refugedesresistancesarmandgatti.ovh\/index.php\/wp-json\/wp\/v2\/pages\/290\/revisions\/295"}],"up":[{"embeddable":true,"href":"https:\/\/www.refugedesresistancesarmandgatti.ovh\/index.php\/wp-json\/wp\/v2\/pages\/202"}],"wp:attachment":[{"href":"https:\/\/www.refugedesresistancesarmandgatti.ovh\/index.php\/wp-json\/wp\/v2\/media?parent=290"}],"curies":[{"name":"wp","href":"https:\/\/api.w.org\/{rel}","templated":true}]}}