{"id":264,"date":"2019-03-08T18:39:07","date_gmt":"2019-03-08T17:39:07","guid":{"rendered":"https:\/\/www.refugedesresistancesarmandgatti.ovh\/?page_id=264"},"modified":"2019-03-11T18:01:31","modified_gmt":"2019-03-11T17:01:31","slug":"creation","status":"publish","type":"page","link":"https:\/\/www.refugedesresistancesarmandgatti.ovh\/index.php\/refuge-des-resistances\/creation\/","title":{"rendered":"Cr\u00e9ation du refuge"},"content":{"rendered":"<h2><b>Mille sources \u00e0 alimenter <\/b><b>et auxquelles s\u2019alimenter, <\/b><b>qu\u2019on soit d\u2019ici ou d\u2019ailleurs&#8230;\u00bb<\/b><\/h2>\n<p>Gatti, la premi\u00e8re fois, pour moi, ce fut \u00e0 Gentioux pour une lecture. Je ne le connaissais pas, une affiche de quelque part, je ne sais plus o\u00f9. Son nom ne me disait rien. Ce qui m\u2019a d\u00e9cid\u00e9 ? La r\u00e9f\u00e9rence \u00e0 la R\u00e9sistance, ici sur le plateau. Une fid\u00e9lit\u00e9 pr\u00e9sente, vivante \u00e0 mon arri\u00e8re grand-p\u00e8re, boucher, marchand de bestiaux, membre de l\u2019Arm\u00e9e secr\u00e8te, \u201cun l\u00e9gal\u201d, qui ravitaillait le maquis. Et ma grand-m\u00e8re, qui jeune fille, filait \u00e0 bicyclette par les chemins avec des messages. Et tout au fond une empreinte, le refus de l\u2019ordre \u00e9tabli.<\/p>\n<p>La rencontre, la vraie, ce fut quelques mois plus tard, \u00e0 la Berbeyrolle, la lecture du po\u00e8me \u00e0 Guingouin, le rebelle. La force et l\u2019\u00e9nergie de Gatti, de ses mots. Soul\u00e8vement. Ce jour l\u00e0 j\u2019ai appris qu\u2019il y avait recherche d\u2019un lieu de culture, de cr\u00e9ation mais autrement que culture-spectacle, trois petits tours et puis s\u2019en vont. En tant qu\u2019\u00e9lu l\u2019intuition d\u2019une v\u00e9ritable opportunit\u00e9, ici sur le plateau. Une mani\u00e8re, une n\u00e9cessit\u00e9 de lier pass\u00e9, pr\u00e9sent et avenir. Et puis, ily eut la rencontre avec H\u00e9l\u00e8ne Ch\u00e2telain et la conjonction d\u2019un d\u00e9sir de regarder les \u00e9toiles. Plus tard, quand je me suis approch\u00e9 plus encore de Gatti, j\u2019ai compris vraiment, senti, ce que pouvait signifier cette expression \u201cd\u2019une deuxi\u00e8me naissance\u201d dans le trou du maquis. Et aujourd\u2019hui ce d\u00e9sir de venir ici, pr\u00e8s de la for\u00eat, histoire de boucler la boucle&#8230; mais pour mieux l\u2019ouvrir \u00e0 nouveau, avec d\u2019autres. Et j\u2019en suis. Et je ne veux pas le d\u00e9cevoir. Un retour aux sources. S&#8217;embo\u00eetant avec tous les s\u00e9diments du plateau. Refuge des bandits de grands chemins au Moyen \u00e2ge, des mutins de la Courtine, des maquis pendant la R\u00e9sistance, des appel\u00e9s, qui \u00e0 La Villedieu refus\u00e8rent de partir faire la guerre coloniale en Alg\u00e9rie. Au moment m\u00eame o\u00f9 ici, s\u2019installent, convergent, des collectifs ou des individus \u201cpour vivre autrement\u201d. Et pas seulement en mots mais concr\u00e8tement, en exp\u00e9rimentant, en<br \/>\ninventant, en vivant. Alors, oui, ici sur le plateau, un refuge des r\u00e9sistances Armand Gatti. Un lieu, un foyer de rencontres o\u00f9 la culture, l\u2019art, le langage, les langages, la globalit\u00e9, la bio-diversit\u00e9, ne seront pas que des mots mais autant de sources, mille sources \u00e0 alimenter et auxquelles s\u2019alimenter, qu\u2019on soit d\u2019ici ou d\u2019ailleurs&#8230;<br \/>\nPierre Coutaud,<br \/>\nPropos recueillis par Man\u00e9e Teyssandier, Tulle, d\u00e9cembre 2007.<br \/>\nPierre Coutaud est le maire de Peyrelevade,<\/p>\n<p><b>27 janvier 2008 <\/b>: Naissance officielle du \u00ab Refuge \u00bb<br \/>\nR\u00e9union de constitution de l\u2019association \u00ab Refuge des r\u00e9sistances Armand Gatti \u00bb au <i>Monde allant <\/i><i>vers<\/i>, \u00e0 Eymoutiers.<br \/>\n\u00ab Cette association a pour objet de r\u00e9sister \u00e0 la soci\u00e9t\u00e9 spectaculaire et marchande en faisant vivre sur et \u00e0 partir du plateau de Millevaches, des lieux ou des moments ouverts de formations, r\u00e9flexions, cr\u00e9ations, recherches, rencontres internationales, dans le prolongement de l\u2019esprit de r\u00e9sistance et des questionnements port\u00e9s par et avec Armand Gatti dans et autour de son \u0153uvre. \u00bb<br \/>\n(Article 2 des statuts)<\/p>\n<p><img loading=\"lazy\" decoding=\"async\" class=\"wp-image-69 size-thumbnail\" src=\"https:\/\/www.refugedesresistancesarmandgatti.ovh\/wp-content\/uploads\/2017\/04\/logo-150x150.jpg\" alt=\"\" width=\"150\" height=\"150\" srcset=\"https:\/\/www.refugedesresistancesarmandgatti.ovh\/wp-content\/uploads\/2017\/04\/logo-150x150.jpg 150w, https:\/\/www.refugedesresistancesarmandgatti.ovh\/wp-content\/uploads\/2017\/04\/logo-300x300.jpg 300w, https:\/\/www.refugedesresistancesarmandgatti.ovh\/wp-content\/uploads\/2017\/04\/logo.jpg 512w\" sizes=\"(max-width: 150px) 100vw, 150px\" \/><\/p>\n<p><b>5 avril 2008 <\/b>: Lecture par Gatti de <i>Docks <\/i>\u00e0 l\u2019Espace Rebeyrolle, \u00e0 Eymoutiers \u2013 devant le tableau du Cyclope.<img loading=\"lazy\" decoding=\"async\" class=\"alignnone size-full wp-image-269\" src=\"https:\/\/www.refugedesresistancesarmandgatti.ovh\/wp-content\/uploads\/2019\/03\/cyclope.jpg\" alt=\"\" width=\"752\" height=\"492\" srcset=\"https:\/\/www.refugedesresistancesarmandgatti.ovh\/wp-content\/uploads\/2019\/03\/cyclope.jpg 752w, https:\/\/www.refugedesresistancesarmandgatti.ovh\/wp-content\/uploads\/2019\/03\/cyclope-300x196.jpg 300w, https:\/\/www.refugedesresistancesarmandgatti.ovh\/wp-content\/uploads\/2019\/03\/cyclope-624x408.jpg 624w\" sizes=\"(max-width: 752px) 100vw, 752px\" \/><\/p>\n<p><!--EndFra--><\/p>\n","protected":false},"excerpt":{"rendered":"<p>Mille sources \u00e0 alimenter et auxquelles s\u2019alimenter, qu\u2019on soit d\u2019ici ou d\u2019ailleurs&#8230;\u00bb Gatti, la premi\u00e8re fois, pour moi, ce fut \u00e0 Gentioux pour une lecture. Je ne le connaissais pas, une affiche de quelque part, je ne sais plus o\u00f9. Son nom ne me disait rien. Ce qui m\u2019a d\u00e9cid\u00e9 ? La r\u00e9f\u00e9rence \u00e0 la [&hellip;]<\/p>\n","protected":false},"author":2,"featured_media":0,"parent":202,"menu_order":0,"comment_status":"closed","ping_status":"closed","template":"","meta":{"footnotes":""},"class_list":["post-264","page","type-page","status-publish","hentry"],"_links":{"self":[{"href":"https:\/\/www.refugedesresistancesarmandgatti.ovh\/index.php\/wp-json\/wp\/v2\/pages\/264"}],"collection":[{"href":"https:\/\/www.refugedesresistancesarmandgatti.ovh\/index.php\/wp-json\/wp\/v2\/pages"}],"about":[{"href":"https:\/\/www.refugedesresistancesarmandgatti.ovh\/index.php\/wp-json\/wp\/v2\/types\/page"}],"author":[{"embeddable":true,"href":"https:\/\/www.refugedesresistancesarmandgatti.ovh\/index.php\/wp-json\/wp\/v2\/users\/2"}],"replies":[{"embeddable":true,"href":"https:\/\/www.refugedesresistancesarmandgatti.ovh\/index.php\/wp-json\/wp\/v2\/comments?post=264"}],"version-history":[{"count":4,"href":"https:\/\/www.refugedesresistancesarmandgatti.ovh\/index.php\/wp-json\/wp\/v2\/pages\/264\/revisions"}],"predecessor-version":[{"id":328,"href":"https:\/\/www.refugedesresistancesarmandgatti.ovh\/index.php\/wp-json\/wp\/v2\/pages\/264\/revisions\/328"}],"up":[{"embeddable":true,"href":"https:\/\/www.refugedesresistancesarmandgatti.ovh\/index.php\/wp-json\/wp\/v2\/pages\/202"}],"wp:attachment":[{"href":"https:\/\/www.refugedesresistancesarmandgatti.ovh\/index.php\/wp-json\/wp\/v2\/media?parent=264"}],"curies":[{"name":"wp","href":"https:\/\/api.w.org\/{rel}","templated":true}]}}