{"id":2,"date":"2017-04-03T17:23:53","date_gmt":"2017-04-03T15:23:53","guid":{"rendered":"http:\/\/www.refugedesresistancesarmandgatti.ovh\/?page_id=2"},"modified":"2019-03-11T17:56:07","modified_gmt":"2019-03-11T16:56:07","slug":"opera","status":"publish","type":"page","link":"https:\/\/www.refugedesresistancesarmandgatti.ovh\/index.php\/refuge-des-resistances\/opera\/","title":{"rendered":"2017 :OP\u00c9RA POSSIBLE OP\u00c9RA PROBABLE"},"content":{"rendered":"<p><em>La relation particuli\u00e8re entre Gatti et le Plateau de Millevaches a \u00e9t\u00e9 \u00e0 l\u2019origine de la constitution du Refuge des R\u00e9sistances Armand Gatti, en 2008. Relation qui se poursuit avec l\u2019organisation de l&rsquo;Op\u00e9ra possible, Op\u00e9ra probable, m\u00eame apr\u00e8s la disparition de Gatti.<\/em><\/p>\n<div id=\"attachment_80\" style=\"width: 310px\" class=\"wp-caption aligncenter\"><img loading=\"lazy\" decoding=\"async\" aria-describedby=\"caption-attachment-80\" class=\"size-medium wp-image-80\" src=\"http:\/\/www.refugedesresistancesarmandgatti.ovh\/wp-content\/uploads\/2017\/04\/fleur-300x300.jpg\" alt=\"Op\u00e9ra possible, Op\u00e9ra probable\" width=\"300\" height=\"300\" srcset=\"https:\/\/www.refugedesresistancesarmandgatti.ovh\/wp-content\/uploads\/2017\/04\/fleur-300x300.jpg 300w, https:\/\/www.refugedesresistancesarmandgatti.ovh\/wp-content\/uploads\/2017\/04\/fleur-150x150.jpg 150w, https:\/\/www.refugedesresistancesarmandgatti.ovh\/wp-content\/uploads\/2017\/04\/fleur-768x768.jpg 768w, https:\/\/www.refugedesresistancesarmandgatti.ovh\/wp-content\/uploads\/2017\/04\/fleur-1024x1024.jpg 1024w, https:\/\/www.refugedesresistancesarmandgatti.ovh\/wp-content\/uploads\/2017\/04\/fleur-624x624.jpg 624w, https:\/\/www.refugedesresistancesarmandgatti.ovh\/wp-content\/uploads\/2017\/04\/fleur.jpg 1478w\" sizes=\"(max-width: 300px) 100vw, 300px\" \/><p id=\"caption-attachment-80\" class=\"wp-caption-text\">un d\u00e9dale sur un plateau<\/p><\/div>\n<h1>Op\u00e9ra possible, Op\u00e9ra probable sur le Plateau<\/h1>\n<p>Du 5 au 7 mai 2017 :<\/p>\n<h2><a href=\"http:\/\/www.refugedesresistancesarmandgatti.ovh\/index.php\/events\/histoire-de-marie\/\">Tarnac : \u00ab Histoire de Marie \u00bb, de Brassa\u00ef<\/a><\/h2>\n<p><em>Texte de <a href=\"http:\/\/www.refugedesresistancesarmandgatti.ovh\/index.php\/2017\/04\/23\/brassai\/\">Brassa\u00ef<\/a><\/em><br \/>\n<em>Interpr\u00e9t\u00e9 par <a href=\"http:\/\/www.refugedesresistancesarmandgatti.ovh\/index.php\/2017\/04\/23\/helene-huret\/\">H\u00e9l\u00e8ne Huret<\/a><\/em><br \/>\n<em>Mis en sc\u00e8ne par <a href=\"http:\/\/www.refugedesresistancesarmandgatti.ovh\/index.php\/2017\/04\/23\/jean-marc-luneau\/\">Jean-Marc Luneau<\/a><\/em><br \/>\n<em>Produit par <a href=\"http:\/\/www.refugedesresistancesarmandgatti.ovh\/index.php\/2017\/04\/23\/lassociation-grand-theatre\/\">l\u2019association Grand Th\u00e9\u00e2tre<\/a><\/em><br \/>\n<em>R\u00e9alis\u00e9 avec le soutien de la Parole Errante, la commune de Saint Beno\u00eet du Sault et l\u2019aimable autorisation de Philippe Ribeyrolles pour Estate Brassa\u00ef.<\/em><\/p>\n<h2><a href=\"http:\/\/www.refugedesresistancesarmandgatti.ovh\/index.php\/events\/linconnu-n5-du-fosse-des-fusilles-du-pentagone-darras\/\">\u00a0Treignac : \u00ab L\u2019inconnu n\u00b05 du foss\u00e9 des fusill\u00e9s du pentagone d\u2019Arras \u00bb, de Gatti<\/a><\/h2>\n<p><em>Texte de Gatti<\/em><br \/>\n<em> Interpr\u00e9t\u00e9 par <a href=\"http:\/\/www.refugedesresistancesarmandgatti.ovh\/index.php\/2017\/04\/23\/la-troupe-de-lalgarade\/\">la Troupe de l \u2019Algarade<\/a><\/em><br \/>\n<em> Mis en sc\u00e8ne par <a href=\"http:\/\/www.refugedesresistancesarmandgatti.ovh\/index.php\/2017\/04\/23\/mohamed-melhaa\/\">Mohamed Melhaa<\/a><\/em><\/p>\n<h2><a href=\"http:\/\/www.refugedesresistancesarmandgatti.ovh\/index.php\/events\/le-trou-de-la-berbeyrolle\/\">Le trou de la Berbeyrolle<\/a><\/h2>\n<p><em>\u00a0<\/em><\/p>\n<h2><a href=\"http:\/\/www.refugedesresistancesarmandgatti.ovh\/index.php\/events\/recital-de-chansons\/\">Peyrelevade : R\u00e9cital de chansons<\/a><\/h2>\n<p><em>Venez chanter avec nous : <a href=\"http:\/\/www.refugedesresistancesarmandgatti.ovh\/wp-content\/uploads\/2017\/05\/Textes_chants-Peyrelevade_GATTIvf_corrig\u00e9e.pdf\">Les chants de l&rsquo;Algarade du 7 mai 2017<\/a><\/em><\/p>\n<h1>Mais encore<\/h1>\n<p>Mohamed Melhaa et Jean-Marc Luneau font partie du <a href=\"http:\/\/www.refugedesresistancesarmandgatti.ovh\/index.php\/2017\/04\/25\/un-collectif-des-metteurs-en-scene-darmand-gatti\/\">collectif des metteurs en sc\u00e8ne d&rsquo;Armand Gatti<\/a>, initi\u00e9 par St\u00e9phane Gatti.<\/p>\n<p>&nbsp;<\/p>\n","protected":false},"excerpt":{"rendered":"<p>La relation particuli\u00e8re entre Gatti et le Plateau de Millevaches a \u00e9t\u00e9 \u00e0 l\u2019origine de la constitution du Refuge des R\u00e9sistances Armand Gatti, en 2008. Relation qui se poursuit avec l\u2019organisation de l&rsquo;Op\u00e9ra possible, Op\u00e9ra probable, m\u00eame apr\u00e8s la disparition de Gatti. Op\u00e9ra possible, Op\u00e9ra probable sur le Plateau Du 5 au 7 mai 2017 [&hellip;]<\/p>\n","protected":false},"author":1,"featured_media":0,"parent":202,"menu_order":0,"comment_status":"closed","ping_status":"closed","template":"","meta":{"footnotes":""},"class_list":["post-2","page","type-page","status-publish","hentry"],"_links":{"self":[{"href":"https:\/\/www.refugedesresistancesarmandgatti.ovh\/index.php\/wp-json\/wp\/v2\/pages\/2"}],"collection":[{"href":"https:\/\/www.refugedesresistancesarmandgatti.ovh\/index.php\/wp-json\/wp\/v2\/pages"}],"about":[{"href":"https:\/\/www.refugedesresistancesarmandgatti.ovh\/index.php\/wp-json\/wp\/v2\/types\/page"}],"author":[{"embeddable":true,"href":"https:\/\/www.refugedesresistancesarmandgatti.ovh\/index.php\/wp-json\/wp\/v2\/users\/1"}],"replies":[{"embeddable":true,"href":"https:\/\/www.refugedesresistancesarmandgatti.ovh\/index.php\/wp-json\/wp\/v2\/comments?post=2"}],"version-history":[{"count":20,"href":"https:\/\/www.refugedesresistancesarmandgatti.ovh\/index.php\/wp-json\/wp\/v2\/pages\/2\/revisions"}],"predecessor-version":[{"id":325,"href":"https:\/\/www.refugedesresistancesarmandgatti.ovh\/index.php\/wp-json\/wp\/v2\/pages\/2\/revisions\/325"}],"up":[{"embeddable":true,"href":"https:\/\/www.refugedesresistancesarmandgatti.ovh\/index.php\/wp-json\/wp\/v2\/pages\/202"}],"wp:attachment":[{"href":"https:\/\/www.refugedesresistancesarmandgatti.ovh\/index.php\/wp-json\/wp\/v2\/media?parent=2"}],"curies":[{"name":"wp","href":"https:\/\/api.w.org\/{rel}","templated":true}]}}