{"id":183,"date":"2019-03-03T18:22:15","date_gmt":"2019-03-03T17:22:15","guid":{"rendered":"https:\/\/www.refugedesresistancesarmandgatti.ovh\/?page_id=183"},"modified":"2019-03-05T16:28:21","modified_gmt":"2019-03-05T15:28:21","slug":"gatti-et-le-limousin","status":"publish","type":"page","link":"https:\/\/www.refugedesresistancesarmandgatti.ovh\/index.php\/gatti-et-le-limousin\/","title":{"rendered":"Gatti et le Limousin"},"content":{"rendered":"<ul>\n<li><strong>Le lieu<\/strong>\n<ul>\n<li>Le Plateau de Millevaches<\/li>\n<li>La for\u00eat de la Berbeyrolle<\/li>\n<li>Le maquis<\/li>\n<\/ul>\n<\/li>\n<li><strong>La vie, l\u2019\u0153uvre, la trajectoire unique d&rsquo;un cr\u00e9ateur<\/strong><\/li>\n<li><strong>Les retrouvailles avec le plateau<\/strong>\n<ul>\n<li>1988 : La parole du po\u00e8te sur les bords de la Luz\u00e8ge<\/li>\n<li>1996 : Premiers terrains de parachutage en Corr\u00e8ze<\/li>\n<li>2005 : Les retrouvailles avec le Limousin<\/li>\n<li>2006 : Un po\u00e8me universel en hommage \u00e0 Guingouin<\/li>\n<li>23 septembre 2006 : La lecture de la Berbeyrolle<\/li>\n<\/ul>\n<\/li>\n<li><strong>Le Refuge des R\u00e9sistances<\/strong><\/li>\n<\/ul>\n<p style=\"text-align: left;\"><!--more--><\/p>\n<p>&nbsp;<\/p>\n","protected":false},"excerpt":{"rendered":"<p>Le lieu Le Plateau de Millevaches La for\u00eat de la Berbeyrolle Le maquis La vie, l\u2019\u0153uvre, la trajectoire unique d&rsquo;un cr\u00e9ateur Les retrouvailles avec le plateau 1988 : La parole du po\u00e8te sur les bords de la Luz\u00e8ge 1996 : Premiers terrains de parachutage en Corr\u00e8ze 2005 : Les retrouvailles avec le Limousin 2006 : [&hellip;]<\/p>\n","protected":false},"author":2,"featured_media":0,"parent":0,"menu_order":0,"comment_status":"closed","ping_status":"closed","template":"","meta":{"footnotes":""},"class_list":["post-183","page","type-page","status-publish","hentry"],"_links":{"self":[{"href":"https:\/\/www.refugedesresistancesarmandgatti.ovh\/index.php\/wp-json\/wp\/v2\/pages\/183"}],"collection":[{"href":"https:\/\/www.refugedesresistancesarmandgatti.ovh\/index.php\/wp-json\/wp\/v2\/pages"}],"about":[{"href":"https:\/\/www.refugedesresistancesarmandgatti.ovh\/index.php\/wp-json\/wp\/v2\/types\/page"}],"author":[{"embeddable":true,"href":"https:\/\/www.refugedesresistancesarmandgatti.ovh\/index.php\/wp-json\/wp\/v2\/users\/2"}],"replies":[{"embeddable":true,"href":"https:\/\/www.refugedesresistancesarmandgatti.ovh\/index.php\/wp-json\/wp\/v2\/comments?post=183"}],"version-history":[{"count":5,"href":"https:\/\/www.refugedesresistancesarmandgatti.ovh\/index.php\/wp-json\/wp\/v2\/pages\/183\/revisions"}],"predecessor-version":[{"id":199,"href":"https:\/\/www.refugedesresistancesarmandgatti.ovh\/index.php\/wp-json\/wp\/v2\/pages\/183\/revisions\/199"}],"wp:attachment":[{"href":"https:\/\/www.refugedesresistancesarmandgatti.ovh\/index.php\/wp-json\/wp\/v2\/media?parent=183"}],"curies":[{"name":"wp","href":"https:\/\/api.w.org\/{rel}","templated":true}]}}